{"id":435,"date":"2015-03-03T12:00:07","date_gmt":"2015-03-03T11:00:07","guid":{"rendered":"http:\/\/www.salonaa.nl\/cms\/?page_id=435"},"modified":"2026-02-22T16:45:06","modified_gmt":"2026-02-22T15:45:06","slug":"prijslijst","status":"publish","type":"page","link":"https:\/\/www.salonaa.nl\/cms\/prijslijst\/","title":{"rendered":"Prijslijst"},"content":{"rendered":"<h3>Behandelingen<\/h3>\n\n<table id=\"tablepress-2\" class=\"tablepress tablepress-id-2\">\n<tbody class=\"row-striping row-hover\">\n<tr class=\"row-1\">\n\t<td class=\"column-1\"><a href=\"https:\/\/www.salonaa.nl\/cms\/royal-behandeling\/\">Royal behandeling<\/a><\/td><td class=\"column-2\">\u20ac<\/td><td class=\"column-3\">&nbsp;&nbsp;75,00<\/td><td class=\"column-4\"><\/td>\n<\/tr>\n<tr class=\"row-2\">\n\t<td class=\"column-1\"><a href=\"https:\/\/www.salonaa.nl\/cms\/verzorging-herstel-schimmelnagel-behandeling\/\">Verzorging &amp; Herstel Schimmelnagel behandeling<\/a><\/td><td class=\"column-2\">\u20ac<\/td><td class=\"column-3\">&nbsp;&nbsp;75,00<\/td><td class=\"column-4\"><\/td>\n<\/tr>\n<tr class=\"row-3\">\n\t<td class=\"column-1\">Kaart van 6 <a href=\"https:\/\/www.salonaa.nl\/cms\/verzorging-herstel-schimmelnagel-behandeling\/\">Verzorging &amp; Herstel Schimmelnagel behandelingen<\/a><\/td><td class=\"column-2\">\u20ac<\/td><td class=\"column-3\">400,00<\/td><td class=\"column-4\"><\/td>\n<\/tr>\n<tr class=\"row-4\">\n\t<td class=\"column-1\"> <a href=\"https:\/\/www.salonaa.nl\/cms\/relax-care-behandeling\/\">Relax &amp; Care behandeling<\/a><\/td><td class=\"column-2\">\u20ac <\/td><td class=\"column-3\">&nbsp;&nbsp;65,00<\/td><td class=\"column-4\"><\/td>\n<\/tr>\n<tr class=\"row-5\">\n\t<td class=\"column-1\">Kaart van 6 <a href=\"https:\/\/www.salonaa.nl\/cms\/relax-care-behandeling\/\">Relax &amp; Care behandelingen<\/a> (behandeling \u00e9\u00e9n keer in 4 \u00e0 6 weken)<\/td><td class=\"column-2\">\u20ac<\/td><td class=\"column-3\">360,00<\/td><td class=\"column-4\"><\/td>\n<\/tr>\n<tr class=\"row-6\">\n\t<td class=\"column-1\"><\/td><td class=\"column-2\"><\/td><td class=\"column-3\"><\/td><td class=\"column-4\"><\/td>\n<\/tr>\n<tr class=\"row-7\">\n\t<td class=\"column-1\"><\/td><td class=\"column-2\"><\/td><td class=\"column-3\"><\/td><td class=\"column-4\"><\/td>\n<\/tr>\n<tr class=\"row-8\">\n\t<td class=\"column-1\"><\/td><td class=\"column-2\"><\/td><td class=\"column-3\"><\/td><td class=\"column-4\"><\/td>\n<\/tr>\n<tr class=\"row-9\">\n\t<td class=\"column-1\"><\/td><td class=\"column-2\"><\/td><td class=\"column-3\"><\/td><td class=\"column-4\"><\/td>\n<\/tr>\n<\/tbody>\n<\/table>\n<!-- #tablepress-2 from cache -->\n<h3>Producten Samenwerkende pedicures<\/h3>\n\n<table id=\"tablepress-3\" class=\"tablepress tablepress-id-3\">\n<tbody class=\"row-striping row-hover\">\n<tr class=\"row-1\">\n\t<td class=\"column-1\">Voetbalsem flesje 150 ml groen en blauw<\/td><td class=\"column-2\">\u20ac <\/td><td class=\"column-3\">&nbsp;&nbsp;10,00<\/td>\n<\/tr>\n<tr class=\"row-2\">\n\t<td class=\"column-1\">Voetbadolie flesje 75 ml<\/td><td class=\"column-2\">\u20ac<\/td><td class=\"column-3\">&nbsp;&nbsp;11,50<\/td>\n<\/tr>\n<tr class=\"row-3\">\n\t<td class=\"column-1\">Voetdeospray flesje met spray 75 ml<\/td><td class=\"column-2\">\u20ac<\/td><td class=\"column-3\">&nbsp;&nbsp;10,00<\/td>\n<\/tr>\n<tr class=\"row-4\">\n\t<td class=\"column-1\">Kalknagels \/ mycosenagels flesje 75 ml<\/td><td class=\"column-2\">\u20ac<\/td><td class=\"column-3\">&nbsp;&nbsp;19,50<\/td>\n<\/tr>\n<tr class=\"row-5\">\n\t<td class=\"column-1\">Voetschimmel flesje 75 ml<\/td><td class=\"column-2\">\u20ac<\/td><td class=\"column-3\">&nbsp;&nbsp;10,00<\/td>\n<\/tr>\n<tr class=\"row-6\">\n\t<td class=\"column-1\">Anti schimmelspray flesje met spray 75 ml<\/td><td class=\"column-2\">\u20ac<\/td><td class=\"column-3\">&nbsp;&nbsp;10,00<\/td>\n<\/tr>\n<tr class=\"row-7\">\n\t<td class=\"column-1\">Eelt &amp; likdoorns potje 75 ml<\/td><td class=\"column-2\">\u20ac<\/td><td class=\"column-3\">&nbsp;&nbsp;10,00<\/td>\n<\/tr>\n<tr class=\"row-8\">\n\t<td class=\"column-1\">Wratten flesje 75 ml<\/td><td class=\"column-2\">\u20ac<\/td><td class=\"column-3\">&nbsp;&nbsp;10,00<\/td>\n<\/tr>\n<tr class=\"row-9\">\n\t<td class=\"column-1\">Wintervoeten flesje 75 ml<\/td><td class=\"column-2\">\u20ac<\/td><td class=\"column-3\">&nbsp;&nbsp;13,50<\/td>\n<\/tr>\n<\/tbody>\n<\/table>\n<!-- #tablepress-3 from cache -->\n<h3>Gehwol<\/h3>\n\n<table id=\"tablepress-4\" class=\"tablepress tablepress-id-4\">\n<tbody class=\"row-striping row-hover\">\n<tr class=\"row-1\">\n\t<td class=\"column-1\">Lipidrocreme tube 75 ml<\/td><td class=\"column-2\">\u20ac <\/td><td class=\"column-3\">&nbsp;&nbsp;19,50<\/td>\n<\/tr>\n<tr class=\"row-2\">\n\t<td class=\"column-1\">Medicinale klovenzalf tube 75 ml<\/td><td class=\"column-2\">\u20ac<\/td><td class=\"column-3\">&nbsp;&nbsp;19,50<\/td>\n<\/tr>\n<\/tbody>\n<\/table>\n<!-- #tablepress-4 from cache -->\n","protected":false},"excerpt":{"rendered":"<p>Behandelingen Producten Samenwerkende pedicures Gehwol<\/p>\n","protected":false},"author":1,"featured_media":0,"parent":0,"menu_order":0,"comment_status":"closed","ping_status":"closed","template":"","meta":{"footnotes":""},"class_list":["post-435","page","type-page","status-publish","hentry"],"yoast_head":"<!-- This site is optimized with the Yoast SEO plugin v27.5 - https:\/\/yoast.com\/product\/yoast-seo-wordpress\/ -->\n<title>Prijslijst - Salon Annette Arts | Pedicure<\/title>\n<meta name=\"robots\" content=\"index, follow, max-snippet:-1, max-image-preview:large, max-video-preview:-1\" \/>\n<link rel=\"canonical\" href=\"https:\/\/www.salonaa.nl\/cms\/prijslijst\/\" \/>\n<meta property=\"og:locale\" content=\"nl_NL\" \/>\n<meta property=\"og:type\" content=\"article\" \/>\n<meta property=\"og:title\" content=\"Prijslijst - Salon Annette Arts | Pedicure\" \/>\n<meta property=\"og:description\" content=\"Behandelingen Producten Samenwerkende pedicures Gehwol\" \/>\n<meta property=\"og:url\" content=\"https:\/\/www.salonaa.nl\/cms\/prijslijst\/\" \/>\n<meta property=\"og:site_name\" content=\"Salon Annette Arts | Pedicure\" \/>\n<meta property=\"article:modified_time\" content=\"2026-02-22T15:45:06+00:00\" \/>\n<meta name=\"twitter:card\" content=\"summary_large_image\" \/>\n<meta name=\"twitter:label1\" content=\"Geschatte leestijd\" \/>\n\t<meta name=\"twitter:data1\" content=\"1 minuut\" \/>\n<script type=\"application\/ld+json\" class=\"yoast-schema-graph\">{\"@context\":\"https:\\\/\\\/schema.org\",\"@graph\":[{\"@type\":\"WebPage\",\"@id\":\"https:\\\/\\\/www.salonaa.nl\\\/cms\\\/prijslijst\\\/\",\"url\":\"https:\\\/\\\/www.salonaa.nl\\\/cms\\\/prijslijst\\\/\",\"name\":\"Prijslijst - Salon Annette Arts | Pedicure\",\"isPartOf\":{\"@id\":\"https:\\\/\\\/www.salonaa.nl\\\/cms\\\/#website\"},\"datePublished\":\"2015-03-03T11:00:07+00:00\",\"dateModified\":\"2026-02-22T15:45:06+00:00\",\"breadcrumb\":{\"@id\":\"https:\\\/\\\/www.salonaa.nl\\\/cms\\\/prijslijst\\\/#breadcrumb\"},\"inLanguage\":\"nl-NL\",\"potentialAction\":[{\"@type\":\"ReadAction\",\"target\":[\"https:\\\/\\\/www.salonaa.nl\\\/cms\\\/prijslijst\\\/\"]}]},{\"@type\":\"BreadcrumbList\",\"@id\":\"https:\\\/\\\/www.salonaa.nl\\\/cms\\\/prijslijst\\\/#breadcrumb\",\"itemListElement\":[{\"@type\":\"ListItem\",\"position\":1,\"name\":\"Home\",\"item\":\"https:\\\/\\\/www.salonaa.nl\\\/cms\\\/\"},{\"@type\":\"ListItem\",\"position\":2,\"name\":\"Prijslijst\"}]},{\"@type\":\"WebSite\",\"@id\":\"https:\\\/\\\/www.salonaa.nl\\\/cms\\\/#website\",\"url\":\"https:\\\/\\\/www.salonaa.nl\\\/cms\\\/\",\"name\":\"Salon Annette Arts | Pedicure\",\"description\":\"Al meer dan 40 jaar uw pedicure in Leeuwarden\",\"potentialAction\":[{\"@type\":\"SearchAction\",\"target\":{\"@type\":\"EntryPoint\",\"urlTemplate\":\"https:\\\/\\\/www.salonaa.nl\\\/cms\\\/?s={search_term_string}\"},\"query-input\":{\"@type\":\"PropertyValueSpecification\",\"valueRequired\":true,\"valueName\":\"search_term_string\"}}],\"inLanguage\":\"nl-NL\"}]}<\/script>\n<!-- \/ Yoast SEO plugin. -->","yoast_head_json":{"title":"Prijslijst - Salon Annette Arts | Pedicure","robots":{"index":"index","follow":"follow","max-snippet":"max-snippet:-1","max-image-preview":"max-image-preview:large","max-video-preview":"max-video-preview:-1"},"canonical":"https:\/\/www.salonaa.nl\/cms\/prijslijst\/","og_locale":"nl_NL","og_type":"article","og_title":"Prijslijst - Salon Annette Arts | Pedicure","og_description":"Behandelingen Producten Samenwerkende pedicures Gehwol","og_url":"https:\/\/www.salonaa.nl\/cms\/prijslijst\/","og_site_name":"Salon Annette Arts | Pedicure","article_modified_time":"2026-02-22T15:45:06+00:00","twitter_card":"summary_large_image","twitter_misc":{"Geschatte leestijd":"1 minuut"},"schema":{"@context":"https:\/\/schema.org","@graph":[{"@type":"WebPage","@id":"https:\/\/www.salonaa.nl\/cms\/prijslijst\/","url":"https:\/\/www.salonaa.nl\/cms\/prijslijst\/","name":"Prijslijst - Salon Annette Arts | Pedicure","isPartOf":{"@id":"https:\/\/www.salonaa.nl\/cms\/#website"},"datePublished":"2015-03-03T11:00:07+00:00","dateModified":"2026-02-22T15:45:06+00:00","breadcrumb":{"@id":"https:\/\/www.salonaa.nl\/cms\/prijslijst\/#breadcrumb"},"inLanguage":"nl-NL","potentialAction":[{"@type":"ReadAction","target":["https:\/\/www.salonaa.nl\/cms\/prijslijst\/"]}]},{"@type":"BreadcrumbList","@id":"https:\/\/www.salonaa.nl\/cms\/prijslijst\/#breadcrumb","itemListElement":[{"@type":"ListItem","position":1,"name":"Home","item":"https:\/\/www.salonaa.nl\/cms\/"},{"@type":"ListItem","position":2,"name":"Prijslijst"}]},{"@type":"WebSite","@id":"https:\/\/www.salonaa.nl\/cms\/#website","url":"https:\/\/www.salonaa.nl\/cms\/","name":"Salon Annette Arts | Pedicure","description":"Al meer dan 40 jaar uw pedicure in Leeuwarden","potentialAction":[{"@type":"SearchAction","target":{"@type":"EntryPoint","urlTemplate":"https:\/\/www.salonaa.nl\/cms\/?s={search_term_string}"},"query-input":{"@type":"PropertyValueSpecification","valueRequired":true,"valueName":"search_term_string"}}],"inLanguage":"nl-NL"}]}},"_links":{"self":[{"href":"https:\/\/www.salonaa.nl\/cms\/wp-json\/wp\/v2\/pages\/435","targetHints":{"allow":["GET"]}}],"collection":[{"href":"https:\/\/www.salonaa.nl\/cms\/wp-json\/wp\/v2\/pages"}],"about":[{"href":"https:\/\/www.salonaa.nl\/cms\/wp-json\/wp\/v2\/types\/page"}],"author":[{"embeddable":true,"href":"https:\/\/www.salonaa.nl\/cms\/wp-json\/wp\/v2\/users\/1"}],"replies":[{"embeddable":true,"href":"https:\/\/www.salonaa.nl\/cms\/wp-json\/wp\/v2\/comments?post=435"}],"version-history":[{"count":51,"href":"https:\/\/www.salonaa.nl\/cms\/wp-json\/wp\/v2\/pages\/435\/revisions"}],"predecessor-version":[{"id":1027,"href":"https:\/\/www.salonaa.nl\/cms\/wp-json\/wp\/v2\/pages\/435\/revisions\/1027"}],"wp:attachment":[{"href":"https:\/\/www.salonaa.nl\/cms\/wp-json\/wp\/v2\/media?parent=435"}],"curies":[{"name":"wp","href":"https:\/\/api.w.org\/{rel}","templated":true}]}}